{"id":9781,"date":"2025-01-04T01:59:00","date_gmt":"2025-01-04T01:59:00","guid":{"rendered":"https:\/\/sklepfashion.pl\/index.php\/produkt\/richter-skorzane-kozaki-ocieplane-r-35-ri01l\/"},"modified":"2025-01-20T16:09:55","modified_gmt":"2025-01-20T16:09:55","slug":"richter-skorzane-kozaki-ocieplane-r-35-ri01l","status":"publish","type":"product","link":"https:\/\/sklepfashion.pl\/index.php\/produkt\/richter-skorzane-kozaki-ocieplane-r-35-ri01l\/","title":{"rendered":"Richter Sk\u00f3rzane kozaki ocieplane R.35 RI01L"},"content":{"rendered":"<section class=\"section\">\n<div class=\"item item-6\">\n<section class=\"image-item\"><img decoding=\"async\" src=\"https:\/\/upload.cdn.baselinker.com\/products\/5028969\/71b78a91df7c1ce60173c3c9995fbca8.jpg\" \/><\/section>\n<\/p><\/div>\n<div class=\"item item-6\">\n<section class=\"image-item\"><img decoding=\"async\" src=\"https:\/\/upload.cdn.baselinker.com\/products\/5028969\/7fbb4c21d80045ae0ce415743d40acb5.jpg\" \/><\/section>\n<\/p><\/div>\n<\/section>\n<section class=\"section\">\n<div class=\"item item-6\">\n<section class=\"text-item\">\n<p>Richter Sk\u00f3rzane kozaki ocieplane R.35 RI01L<\/p>\n<p>Rozmiar 35 wk\u0142adka 21,5-22 cm<\/p>\n<p>\u015alady u\u017cytkowania: Brak.<\/p>\n<p><b>Materia\u0142 wewn\u0119trzny: sk\u00f3ra&nbsp;naturalna<\/b><\/p>\n<p><b>Wy\u015bci\u00f3\u0142ka: materia\u0142<\/b><\/p>\n<p><b>Podeszwa: <\/b>syntetyczna\/gumowa<\/p>\n<p><b>Wysoko\u015b\u0107 obcasa<\/b>: 3 cm<\/p>\n<p><b>Wysoko\u015b\u0107 obuwia ca\u0142kowita z obcasem:<\/b>&nbsp; 28 cm<\/p>\n<p><b>Szeroko\u015b\u0107 cholewki<\/b>: 15&#215;2&nbsp; cm<\/p>\n<p><b>Rodzaj ocieplenia: tak<\/b><\/p>\n<p><b>Wz\u00f3r:&nbsp;<\/b>Kolor&nbsp; czarny<\/p>\n<p><b>Zapakowane w karton<\/b><\/p>\n<p>Obuwie na naszych aukcjach s\u0105 oryginalne pochodz\u0105ce ze sklep\u00f3w z najwi\u0119kszych znanych platform<\/p>\n<p>Zapraszamy do zakupu<\/p>\n<\/section><\/div>\n<div class=\"item item-6\">\n<section class=\"image-item\"><img decoding=\"async\" src=\"https:\/\/upload.cdn.baselinker.com\/products\/5028969\/c6e451849e0d537d9249c3059611829b.jpg\" \/><\/section>\n<\/p><\/div>\n<\/section>\n","protected":false},"excerpt":{"rendered":"<p>Richter Sk\u00f3rzane kozaki ocieplane R.35 RI01L Rozmiar 35 wk\u0142adka 21,5-22 cm \u015alady u\u017cytkowania: Brak. Materia\u0142 wewn\u0119trzny: sk\u00f3ra&nbsp;naturalna Wy\u015bci\u00f3\u0142ka: materia\u0142 Podeszwa: syntetyczna\/gumowa Wysoko\u015b\u0107 obcasa: 3 cm Wysoko\u015b\u0107 obuwia ca\u0142kowita z obcasem:&nbsp; 28 cm Szeroko\u015b\u0107 cholewki: 15&#215;2&nbsp; cm Rodzaj ocieplenia: tak Wz\u00f3r:&nbsp;Kolor&nbsp; czarny Zapakowane w karton Obuwie na naszych aukcjach s\u0105 oryginalne pochodz\u0105ce ze sklep\u00f3w z najwi\u0119kszych [&hellip;]<\/p>\n","protected":false},"featured_media":9771,"comment_status":"open","ping_status":"closed","template":"","meta":{"_gspb_post_css":"","slim_seo":{"title":"Richter Sk\u00f3rzane kozaki ocieplane R.35 RI01L - SklepFashion Gda\u0144sk","description":"Richter Sk\u00f3rzane kozaki ocieplane R.35 RI01L Rozmiar 35 wk\u0142adka 21,5-22 cm \u015alady u\u017cytkowania: Brak. Materia\u0142 wewn\u0119trzny: sk\u00f3ra&nbsp;naturalna Wy\u015bci\u00f3\u0142ka: materia"},"iawp_total_views":6},"product_brand":[],"product_cat":[119,162,66,123,117,157,185,175],"product_tag":[],"class_list":{"0":"post-9781","1":"product","2":"type-product","3":"status-publish","4":"has-post-thumbnail","6":"product_cat-damskie","7":"product_cat-obuwie-dzieciece","8":"product_cat-odziez-obuwie-dodatki-obuwie-damskie-kozaki","9":"product_cat-rozmiar-35","10":"product_cat-117","11":"product_cat-35-36","12":"product_cat-rozmiar-35-36","13":"product_cat-rozmiar-35-damskie","15":"first","16":"instock","17":"shipping-taxable","18":"purchasable","19":"product-type-simple"},"_links":{"self":[{"href":"https:\/\/sklepfashion.pl\/index.php\/wp-json\/wp\/v2\/product\/9781","targetHints":{"allow":["GET"]}}],"collection":[{"href":"https:\/\/sklepfashion.pl\/index.php\/wp-json\/wp\/v2\/product"}],"about":[{"href":"https:\/\/sklepfashion.pl\/index.php\/wp-json\/wp\/v2\/types\/product"}],"replies":[{"embeddable":true,"href":"https:\/\/sklepfashion.pl\/index.php\/wp-json\/wp\/v2\/comments?post=9781"}],"wp:featuredmedia":[{"embeddable":true,"href":"https:\/\/sklepfashion.pl\/index.php\/wp-json\/wp\/v2\/media\/9771"}],"wp:attachment":[{"href":"https:\/\/sklepfashion.pl\/index.php\/wp-json\/wp\/v2\/media?parent=9781"}],"wp:term":[{"taxonomy":"product_brand","embeddable":true,"href":"https:\/\/sklepfashion.pl\/index.php\/wp-json\/wp\/v2\/product_brand?post=9781"},{"taxonomy":"product_cat","embeddable":true,"href":"https:\/\/sklepfashion.pl\/index.php\/wp-json\/wp\/v2\/product_cat?post=9781"},{"taxonomy":"product_tag","embeddable":true,"href":"https:\/\/sklepfashion.pl\/index.php\/wp-json\/wp\/v2\/product_tag?post=9781"}],"curies":[{"name":"wp","href":"https:\/\/api.w.org\/{rel}","templated":true}]}}