{"id":8015,"date":"2025-01-03T23:47:01","date_gmt":"2025-01-03T23:47:01","guid":{"rendered":"https:\/\/sklepfashion.pl\/index.php\/produkt\/damskie-botki-zamszowe-bezowe-anna-field-r-42-an7s\/"},"modified":"2025-01-20T15:27:32","modified_gmt":"2025-01-20T15:27:32","slug":"damskie-botki-zamszowe-bezowe-anna-field-r-42-an7s","status":"publish","type":"product","link":"https:\/\/sklepfashion.pl\/index.php\/produkt\/damskie-botki-zamszowe-bezowe-anna-field-r-42-an7s\/","title":{"rendered":"Damskie botki zamszowe be\u017cowe Anna Field R.42 AN7S"},"content":{"rendered":"<section class=\"section\">\n<div class=\"item item-6\">\n<section class=\"image-item\"><img decoding=\"async\" src=\"https:\/\/upload.cdn.baselinker.com\/products\/5028969\/8371146e2d5ab524abee68b1f1db50ba.jpg\" \/><\/section>\n<\/p><\/div>\n<div class=\"item item-6\">\n<section class=\"image-item\"><img decoding=\"async\" src=\"https:\/\/upload.cdn.baselinker.com\/products\/5028969\/2c1be1400735259efb57c026e2b9fed4.jpg\" \/><\/section>\n<\/p><\/div>\n<\/section>\n<section class=\"section\">\n<div class=\"item item-6\">\n<section class=\"text-item\">\n<p>Damskie botki zamszowe be\u017cowe Anna Field &nbsp;R.42 &nbsp;AN7S<\/p>\n<p>Rozmiar 42&nbsp; &nbsp;wk\u0142adka 27=27,5&nbsp; cm.<\/p>\n<p>\u015alady u\u017cytkowania- Nowe.<\/p>\n<p><b>Materia\u0142 zewn\u0119trzny:&nbsp;<\/b>sk\u00f3ra naturalna<\/p>\n<p>wk\u0142adka: sk\u00f3ra naturalna<\/p>\n<p><b>Podeszwa: syntetyczna<\/b><\/p>\n<p><b>Wysoko\u015b\u0107 obcasa<\/b>: 3 cm<\/p>\n<p><b>Wysoko\u015b\u0107 obuwia:<\/b> 24 cm<\/p>\n<p><b>Rodzaj ocieplenia:&nbsp; NIE<\/b><\/p>\n<p>szeroko\u015b\u0107 cholewki: regulowana<\/p>\n<p><b>Zapi\u0119cie: wsuwane<\/b><\/p>\n<p><b>Wz\u00f3r:&nbsp;<\/b>Kolor&nbsp; be\u017cowy<\/p>\n<p><b>Zapakowane w karton<\/b><\/p>\n<p>Obuwie na naszych aukcjach s\u0105 oryginalne pochodz\u0105ce ze sklep\u00f3w z najwi\u0119kszych znanych platform.<\/p>\n<p>Zapraszamy do zakupu<\/p>\n<\/section><\/div>\n<div class=\"item item-6\">\n<section class=\"image-item\"><img decoding=\"async\" src=\"https:\/\/upload.cdn.baselinker.com\/products\/5028969\/d52d98c7b0c7e31117315496b4a06e6a.jpg\" \/><\/section>\n<\/p><\/div>\n<\/section>\n","protected":false},"excerpt":{"rendered":"<p>Damskie botki zamszowe be\u017cowe Anna Field &nbsp;R.42 &nbsp;AN7S Rozmiar 42&nbsp; &nbsp;wk\u0142adka 27=27,5&nbsp; cm. \u015alady u\u017cytkowania- Nowe. Materia\u0142 zewn\u0119trzny:&nbsp;sk\u00f3ra naturalna wk\u0142adka: sk\u00f3ra naturalna Podeszwa: syntetyczna Wysoko\u015b\u0107 obcasa: 3 cm Wysoko\u015b\u0107 obuwia: 24 cm Rodzaj ocieplenia:&nbsp; NIE szeroko\u015b\u0107 cholewki: regulowana Zapi\u0119cie: wsuwane Wz\u00f3r:&nbsp;Kolor&nbsp; be\u017cowy Zapakowane w karton Obuwie na naszych aukcjach s\u0105 oryginalne pochodz\u0105ce ze sklep\u00f3w z [&hellip;]<\/p>\n","protected":false},"featured_media":8007,"comment_status":"open","ping_status":"closed","template":"","meta":{"_gspb_post_css":"","slim_seo":{"title":"Damskie botki zamszowe be\u017cowe Anna Field R.42 AN7S - SklepFashion Gda\u0144sk","description":"Damskie botki zamszowe be\u017cowe Anna Field &nbsp;R.42 &nbsp;AN7S Rozmiar 42&nbsp; &nbsp;wk\u0142adka 27=27,5&nbsp; cm. \u015alady u\u017cytkowania- Nowe. Materia\u0142 zewn\u0119trzny:&nb"},"iawp_total_views":10},"product_brand":[],"product_cat":[119,67,127,170],"product_tag":[],"class_list":{"0":"post-8015","1":"product","2":"type-product","3":"status-publish","4":"has-post-thumbnail","6":"product_cat-damskie","7":"product_cat-odziez-obuwie-dodatki-obuwie-damskie-botki","8":"product_cat-rozmiar-42","9":"product_cat-rozmiar-42-damskie","11":"first","12":"instock","13":"shipping-taxable","14":"purchasable","15":"product-type-simple"},"_links":{"self":[{"href":"https:\/\/sklepfashion.pl\/index.php\/wp-json\/wp\/v2\/product\/8015","targetHints":{"allow":["GET"]}}],"collection":[{"href":"https:\/\/sklepfashion.pl\/index.php\/wp-json\/wp\/v2\/product"}],"about":[{"href":"https:\/\/sklepfashion.pl\/index.php\/wp-json\/wp\/v2\/types\/product"}],"replies":[{"embeddable":true,"href":"https:\/\/sklepfashion.pl\/index.php\/wp-json\/wp\/v2\/comments?post=8015"}],"wp:featuredmedia":[{"embeddable":true,"href":"https:\/\/sklepfashion.pl\/index.php\/wp-json\/wp\/v2\/media\/8007"}],"wp:attachment":[{"href":"https:\/\/sklepfashion.pl\/index.php\/wp-json\/wp\/v2\/media?parent=8015"}],"wp:term":[{"taxonomy":"product_brand","embeddable":true,"href":"https:\/\/sklepfashion.pl\/index.php\/wp-json\/wp\/v2\/product_brand?post=8015"},{"taxonomy":"product_cat","embeddable":true,"href":"https:\/\/sklepfashion.pl\/index.php\/wp-json\/wp\/v2\/product_cat?post=8015"},{"taxonomy":"product_tag","embeddable":true,"href":"https:\/\/sklepfashion.pl\/index.php\/wp-json\/wp\/v2\/product_tag?post=8015"}],"curies":[{"name":"wp","href":"https:\/\/api.w.org\/{rel}","templated":true}]}}