{"id":4148,"date":"2025-01-03T17:52:45","date_gmt":"2025-01-03T17:52:45","guid":{"rendered":"https:\/\/sklepfashion.pl\/index.php\/produkt\/damskie-sztyblety-emu-australia-elliston-skora-r35-36-em9l\/"},"modified":"2025-01-03T17:52:45","modified_gmt":"2025-01-03T17:52:45","slug":"damskie-sztyblety-emu-australia-elliston-skora-r35-36-em9l","status":"publish","type":"product","link":"https:\/\/sklepfashion.pl\/index.php\/produkt\/damskie-sztyblety-emu-australia-elliston-skora-r35-36-em9l\/","title":{"rendered":"Damskie Sztyblety EMU Australia Elliston Sk\u00f3ra R,35\/36 EM9L"},"content":{"rendered":"<section class=\"section\">\n<div class=\"item item-6\">\n<section class=\"image-item\"><img decoding=\"async\" src=\"https:\/\/upload.cdn.baselinker.com\/products\/5028969\/39a0a2a425ec629e8caf873d0122b3e7.jpg\" \/><\/section>\n<\/p><\/div>\n<div class=\"item item-6\">\n<section class=\"image-item\"><img decoding=\"async\" src=\"https:\/\/upload.cdn.baselinker.com\/products\/5028969\/767015ae392d0d983d0e1fb85e25745d.jpg\" \/><\/section>\n<\/p><\/div>\n<\/section>\n<section class=\"section\">\n<div class=\"item item-6\">\n<section class=\"text-item\">\n<p>Sztyblety EMU Australia Elliston Sk\u00f3ra R,35 EM9L<\/p>\n<p>nowe,<\/p>\n<p>Rozmiar 35 wk\u0142adka 21-21,5&nbsp; cm.<\/p>\n<p>\u015alady u\u017cytkowania: brak.<\/p>\n<p><b>Materia\u0142 zewn\u0119trzny<\/b> ;&nbsp; sk\u00f3ra naturalna<\/p>\n<p>Cholewka zrobiona zosta\u0142a ze sk\u00f3ry naturalnej, wyko\u0144czonej ko\u017cuchem merynosa.<\/p>\n<p>Wewn\u0105trz buta mamy sk\u00f3rzan\u0105 wk\u0142adk\u0119 pozwalaj\u0105c\u0105 stopie oddycha\u0107 i zachowa\u0107 prawid\u0142ow\u0105 higien\u0119, oraz wy\u015bci\u00f3\u0142k\u0119 filcow\u0105 zapewniaj\u0105c\u0105 komfort termiczny.<\/p>\n<p>Buty zosta\u0142y wykonane w technologii Waterproof, czyli s\u0105 wodoodporne.<\/p>\n<p>Podeszwa wykonana z gumy, zawieraj\u0105ca na spodzie wyci\u0119cia, zapewni bezpiecze\u0144stwo podczas chodzenia po \u015bliskiej nawierzchni.<\/p>\n<p><b>Podeszwa: <\/b>syntetyczna gumowa<\/p>\n<p><b>Wysoko\u015b\u0107 obcasa<\/b>: 3, cm<\/p>\n<p><b>Wysoko\u015b\u0107 obuwia ca\u0142kowita z obcasem:<\/b>&nbsp; 17 cm<\/p>\n<p><b>Szeroko\u015b\u0107 cholewki bez rozci\u0105gania <\/b>: regulowana<\/p>\n<p><b>Rodzaj ocieplenia: lekko<\/b><\/p>\n<p><b>Zapi\u0119cie: wsuwane<\/b><\/p>\n<p><b>Wz\u00f3r:&nbsp;<\/b>Kolor&nbsp; szary<\/p>\n<p>Obuwie na naszych aukcjach s\u0105 oryginalne pochodz\u0105ce ze sklep\u00f3w z najwi\u0119kszych znanych platform.<\/p>\n<p>Zapraszamy do zakupu<\/p>\n<\/section><\/div>\n<div class=\"item item-6\">\n<section class=\"image-item\"><img decoding=\"async\" src=\"https:\/\/upload.cdn.baselinker.com\/products\/5028969\/d3f510d6b9c0c8f289ffd7d9e7ea6167.jpg\" \/><\/section>\n<\/p><\/div>\n<\/section>\n","protected":false},"excerpt":{"rendered":"<p>Sztyblety EMU Australia Elliston Sk\u00f3ra R,35 EM9L nowe, Rozmiar 35 wk\u0142adka 21-21,5&nbsp; cm. \u015alady u\u017cytkowania: brak. Materia\u0142 zewn\u0119trzny ;&nbsp; sk\u00f3ra naturalna Cholewka zrobiona zosta\u0142a ze sk\u00f3ry naturalnej, wyko\u0144czonej ko\u017cuchem merynosa. Wewn\u0105trz buta mamy sk\u00f3rzan\u0105 wk\u0142adk\u0119 pozwalaj\u0105c\u0105 stopie oddycha\u0107 i zachowa\u0107 prawid\u0142ow\u0105 higien\u0119, oraz wy\u015bci\u00f3\u0142k\u0119 filcow\u0105 zapewniaj\u0105c\u0105 komfort termiczny. Buty zosta\u0142y wykonane w technologii Waterproof, czyli [&hellip;]<\/p>\n","protected":false},"featured_media":4137,"comment_status":"open","ping_status":"closed","template":"","meta":{"_gspb_post_css":"","slim_seo":{"title":"Damskie Sztyblety EMU Australia Elliston Sk\u00f3ra R,35\/36 EM9L - SklepFashion Gda\u0144sk","description":"Sztyblety EMU Australia Elliston Sk\u00f3ra R,35 EM9L nowe, Rozmiar 35 wk\u0142adka 21-21,5&nbsp; cm. \u015alady u\u017cytkowania: brak. Materia\u0142 zewn\u0119trzny ;&nbsp; sk\u00f3ra naturalna"},"iawp_total_views":1},"product_brand":[],"product_cat":[67],"product_tag":[],"class_list":{"0":"post-4148","1":"product","2":"type-product","3":"status-publish","4":"has-post-thumbnail","6":"product_cat-odziez-obuwie-dodatki-obuwie-damskie-botki","8":"first","9":"instock","10":"shipping-taxable","11":"purchasable","12":"product-type-simple"},"_links":{"self":[{"href":"https:\/\/sklepfashion.pl\/index.php\/wp-json\/wp\/v2\/product\/4148","targetHints":{"allow":["GET"]}}],"collection":[{"href":"https:\/\/sklepfashion.pl\/index.php\/wp-json\/wp\/v2\/product"}],"about":[{"href":"https:\/\/sklepfashion.pl\/index.php\/wp-json\/wp\/v2\/types\/product"}],"replies":[{"embeddable":true,"href":"https:\/\/sklepfashion.pl\/index.php\/wp-json\/wp\/v2\/comments?post=4148"}],"wp:featuredmedia":[{"embeddable":true,"href":"https:\/\/sklepfashion.pl\/index.php\/wp-json\/wp\/v2\/media\/4137"}],"wp:attachment":[{"href":"https:\/\/sklepfashion.pl\/index.php\/wp-json\/wp\/v2\/media?parent=4148"}],"wp:term":[{"taxonomy":"product_brand","embeddable":true,"href":"https:\/\/sklepfashion.pl\/index.php\/wp-json\/wp\/v2\/product_brand?post=4148"},{"taxonomy":"product_cat","embeddable":true,"href":"https:\/\/sklepfashion.pl\/index.php\/wp-json\/wp\/v2\/product_cat?post=4148"},{"taxonomy":"product_tag","embeddable":true,"href":"https:\/\/sklepfashion.pl\/index.php\/wp-json\/wp\/v2\/product_tag?post=4148"}],"curies":[{"name":"wp","href":"https:\/\/api.w.org\/{rel}","templated":true}]}}