{"id":3986,"date":"2025-01-03T17:34:14","date_gmt":"2025-01-03T17:34:14","guid":{"rendered":"https:\/\/sklepfashion.pl\/index.php\/produkt\/richter-kozaki-dla-dziewczynki-r-27-ri72l\/"},"modified":"2025-01-20T16:01:12","modified_gmt":"2025-01-20T16:01:12","slug":"richter-kozaki-dla-dziewczynki-r-27-ri72l","status":"publish","type":"product","link":"https:\/\/sklepfashion.pl\/index.php\/produkt\/richter-kozaki-dla-dziewczynki-r-27-ri72l\/","title":{"rendered":"Richter kozaki dla dziewczynki R.27 RI72L"},"content":{"rendered":"<section class=\"section\">\n<div class=\"item item-6\">\n<section class=\"image-item\"><img decoding=\"async\" src=\"https:\/\/upload.cdn.baselinker.com\/products\/5028969\/1fdea6c8e90c93e0cae6e1e69ae2d207.jpg\" \/><\/section>\n<\/p><\/div>\n<div class=\"item item-6\">\n<section class=\"image-item\"><img decoding=\"async\" src=\"https:\/\/upload.cdn.baselinker.com\/products\/5028969\/94c7fa1ef17afbd041e55f10bd66e8c3.jpg\" \/><\/section>\n<\/p><\/div>\n<\/section>\n<section class=\"section\">\n<div class=\"item item-6\">\n<section class=\"text-item\">\n<h1>Richter kozaki dla dziewczynki R.27 RI72L<\/h1>\n<p>Rozmiar 27&nbsp; &nbsp;wk\u0142adka 17 cm<\/p>\n<p>\u015alady u\u017cytkowania: nowe.<\/p>\n<p><b>Materia\u0142 zewn\u0119trzny<\/b> ;&nbsp; &nbsp;skora&nbsp; naturalna<\/p>\n<p><b>Podeszwa: <\/b>syntetyczna gumowa<\/p>\n<p><b>Wysoko\u015b\u0107 obcasa<\/b>: 2 cm<\/p>\n<p><b>Wysoko\u015b\u0107 obuwia ca\u0142kowita z obcasem:<\/b>&nbsp; 13 cm<\/p>\n<p><b>Szeroko\u015b\u0107 cholewki bez rozci\u0105gania <\/b>:11 cm<\/p>\n<p><b>Rodzaj ocieplenia: TAK<\/b><\/p>\n<p><b>Zapi\u0119cie: zamek<\/b><\/p>\n<p><b>Wz\u00f3r:&nbsp;<\/b>Kolor&nbsp; granat<\/p>\n<p>Zapraszamy do zakupu<\/p>\n<\/section><\/div>\n<div class=\"item item-6\">\n<section class=\"image-item\"><img decoding=\"async\" src=\"https:\/\/upload.cdn.baselinker.com\/products\/5028969\/bfd5079fa8459dbd3d96b87f036e78fa.jpg\" \/><\/section>\n<\/p><\/div>\n<\/section>\n","protected":false},"excerpt":{"rendered":"<p>Richter kozaki dla dziewczynki R.27 RI72L Rozmiar 27&nbsp; &nbsp;wk\u0142adka 17 cm \u015alady u\u017cytkowania: nowe. Materia\u0142 zewn\u0119trzny ;&nbsp; &nbsp;skora&nbsp; naturalna Podeszwa: syntetyczna gumowa Wysoko\u015b\u0107 obcasa: 2 cm Wysoko\u015b\u0107 obuwia ca\u0142kowita z obcasem:&nbsp; 13 cm Szeroko\u015b\u0107 cholewki bez rozci\u0105gania :11 cm Rodzaj ocieplenia: TAK Zapi\u0119cie: zamek Wz\u00f3r:&nbsp;Kolor&nbsp; granat Zapraszamy do zakupu<\/p>\n","protected":false},"featured_media":3977,"comment_status":"open","ping_status":"closed","template":"","meta":{"_gspb_post_css":"","slim_seo":{"title":"Richter kozaki dla dziewczynki R.27 RI72L - SklepFashion Gda\u0144sk","description":"Richter kozaki dla dziewczynki R.27 RI72L Rozmiar 27&nbsp; &nbsp;wk\u0142adka 17 cm \u015alady u\u017cytkowania: nowe. Materia\u0142 zewn\u0119trzny ;&nbsp; &nbsp;skora&nbsp; naturalna"},"iawp_total_views":9},"product_brand":[],"product_cat":[162,153,181],"product_tag":[],"class_list":{"0":"post-3986","1":"product","2":"type-product","3":"status-publish","4":"has-post-thumbnail","6":"product_cat-obuwie-dzieciece","7":"product_cat-27-28","8":"product_cat-rozmiar-27-28","10":"first","11":"instock","12":"shipping-taxable","13":"purchasable","14":"product-type-simple"},"_links":{"self":[{"href":"https:\/\/sklepfashion.pl\/index.php\/wp-json\/wp\/v2\/product\/3986","targetHints":{"allow":["GET"]}}],"collection":[{"href":"https:\/\/sklepfashion.pl\/index.php\/wp-json\/wp\/v2\/product"}],"about":[{"href":"https:\/\/sklepfashion.pl\/index.php\/wp-json\/wp\/v2\/types\/product"}],"replies":[{"embeddable":true,"href":"https:\/\/sklepfashion.pl\/index.php\/wp-json\/wp\/v2\/comments?post=3986"}],"wp:featuredmedia":[{"embeddable":true,"href":"https:\/\/sklepfashion.pl\/index.php\/wp-json\/wp\/v2\/media\/3977"}],"wp:attachment":[{"href":"https:\/\/sklepfashion.pl\/index.php\/wp-json\/wp\/v2\/media?parent=3986"}],"wp:term":[{"taxonomy":"product_brand","embeddable":true,"href":"https:\/\/sklepfashion.pl\/index.php\/wp-json\/wp\/v2\/product_brand?post=3986"},{"taxonomy":"product_cat","embeddable":true,"href":"https:\/\/sklepfashion.pl\/index.php\/wp-json\/wp\/v2\/product_cat?post=3986"},{"taxonomy":"product_tag","embeddable":true,"href":"https:\/\/sklepfashion.pl\/index.php\/wp-json\/wp\/v2\/product_tag?post=3986"}],"curies":[{"name":"wp","href":"https:\/\/api.w.org\/{rel}","templated":true}]}}