{"id":3582,"date":"2025-01-03T16:48:46","date_gmt":"2025-01-03T16:48:46","guid":{"rendered":"https:\/\/sklepfashion.pl\/index.php\/produkt\/buty-damskie-ze-skory-natural-sense-kremowe-r-38-na53e\/"},"modified":"2025-01-20T14:17:33","modified_gmt":"2025-01-20T14:17:33","slug":"buty-damskie-ze-skory-natural-sense-kremowe-r-38-na53e","status":"publish","type":"product","link":"https:\/\/sklepfashion.pl\/index.php\/produkt\/buty-damskie-ze-skory-natural-sense-kremowe-r-38-na53e\/","title":{"rendered":"Buty damskie ze sk\u00f3ry Natural Sense kremowe R.38 NA53E"},"content":{"rendered":"<section class=\"section\">\n<div class=\"item item-6\">\n<section class=\"image-item\"><img decoding=\"async\" src=\"https:\/\/upload.cdn.baselinker.com\/products\/5028969\/ed390de2814f687850b662455d0adf84.jpg\" \/><\/section>\n<\/p><\/div>\n<div class=\"item item-6\">\n<section class=\"image-item\"><img decoding=\"async\" src=\"https:\/\/upload.cdn.baselinker.com\/products\/5028969\/8747d8b46907897432b15a0766442cbc.jpg\" \/><\/section>\n<\/p><\/div>\n<\/section>\n<section class=\"section\">\n<div class=\"item item-6\">\n<section class=\"text-item\">\n<p>Buty damskie ze sk\u00f3ry Natural Sense &nbsp;kremowe R.38 &nbsp;NA53E<\/p>\n<p>Rozmiar&nbsp; 38&nbsp; wk\u0142adka&nbsp; 25 CM<\/p>\n<p>\u015alady u\u017cytkowania: NOWE<\/p>\n<p><b>Materia\u0142 wewn\u0119trzny: sk\u00f3ra naturalna<\/b><\/p>\n<p><b>Wy\u015bci\u00f3\u0142ka: skora<\/b>\/gumowa<\/p>\n<p><b>Wysoko\u015b\u0107 obcasa<\/b>: 4&nbsp; cm<\/p>\n<p><b>Wysoko\u015b\u0107 obuwia ca\u0142kowita z obcasem: 23<\/b><\/p>\n<p><b>Szeroko\u015b\u0107 cholewki<\/b>:&nbsp; regulowana<\/p>\n<p><b>Rodzaj ocieplenia: NIE<\/b><\/p>\n<p><b>Zapi\u0119cie;&nbsp; wsuwane<\/b><\/p>\n<p><b>Wz\u00f3r:&nbsp;<\/b>Kolor kremowy<\/p>\n<p><b>Zapakowane w karton<\/b><\/p>\n<p>Obuwie na naszych aukcjach s\u0105 oryginalne pochodz\u0105ce ze sklep\u00f3w z najwi\u0119kszych znanych platform<\/p>\n<p>Zapraszamy do zakupu<\/p>\n<\/section><\/div>\n<div class=\"item item-6\">\n<section class=\"image-item\"><img decoding=\"async\" src=\"https:\/\/upload.cdn.baselinker.com\/products\/5028969\/ea54cad95fce09967d6c724283184ec5.jpg\" \/><\/section>\n<\/p><\/div>\n<\/section>\n","protected":false},"excerpt":{"rendered":"<p>Buty damskie ze sk\u00f3ry Natural Sense &nbsp;kremowe R.38 &nbsp;NA53E Rozmiar&nbsp; 38&nbsp; wk\u0142adka&nbsp; 25 CM \u015alady u\u017cytkowania: NOWE Materia\u0142 wewn\u0119trzny: sk\u00f3ra naturalna Wy\u015bci\u00f3\u0142ka: skora\/gumowa Wysoko\u015b\u0107 obcasa: 4&nbsp; cm Wysoko\u015b\u0107 obuwia ca\u0142kowita z obcasem: 23 Szeroko\u015b\u0107 cholewki:&nbsp; regulowana Rodzaj ocieplenia: NIE Zapi\u0119cie;&nbsp; wsuwane Wz\u00f3r:&nbsp;Kolor kremowy Zapakowane w karton Obuwie na naszych aukcjach s\u0105 oryginalne pochodz\u0105ce ze sklep\u00f3w [&hellip;]<\/p>\n","protected":false},"featured_media":3571,"comment_status":"open","ping_status":"closed","template":"","meta":{"_gspb_post_css":"","slim_seo":{"title":"Buty damskie ze sk\u00f3ry Natural Sense kremowe R.38 NA53E - SklepFashion Gda\u0144sk","description":"Buty damskie ze sk\u00f3ry Natural Sense &nbsp;kremowe R.38 &nbsp;NA53E Rozmiar&nbsp; 38&nbsp; wk\u0142adka&nbsp; 25 CM \u015alady u\u017cytkowania: NOWE Materia\u0142 wewn\u0119trzny: sk\u00f3ra"},"iawp_total_views":14},"product_brand":[],"product_cat":[119,67,122,166],"product_tag":[],"class_list":{"0":"post-3582","1":"product","2":"type-product","3":"status-publish","4":"has-post-thumbnail","6":"product_cat-damskie","7":"product_cat-odziez-obuwie-dodatki-obuwie-damskie-botki","8":"product_cat-rozmiar-38","9":"product_cat-rozmiar-38-damskie","11":"first","12":"instock","13":"shipping-taxable","14":"purchasable","15":"product-type-simple"},"_links":{"self":[{"href":"https:\/\/sklepfashion.pl\/index.php\/wp-json\/wp\/v2\/product\/3582","targetHints":{"allow":["GET"]}}],"collection":[{"href":"https:\/\/sklepfashion.pl\/index.php\/wp-json\/wp\/v2\/product"}],"about":[{"href":"https:\/\/sklepfashion.pl\/index.php\/wp-json\/wp\/v2\/types\/product"}],"replies":[{"embeddable":true,"href":"https:\/\/sklepfashion.pl\/index.php\/wp-json\/wp\/v2\/comments?post=3582"}],"wp:featuredmedia":[{"embeddable":true,"href":"https:\/\/sklepfashion.pl\/index.php\/wp-json\/wp\/v2\/media\/3571"}],"wp:attachment":[{"href":"https:\/\/sklepfashion.pl\/index.php\/wp-json\/wp\/v2\/media?parent=3582"}],"wp:term":[{"taxonomy":"product_brand","embeddable":true,"href":"https:\/\/sklepfashion.pl\/index.php\/wp-json\/wp\/v2\/product_brand?post=3582"},{"taxonomy":"product_cat","embeddable":true,"href":"https:\/\/sklepfashion.pl\/index.php\/wp-json\/wp\/v2\/product_cat?post=3582"},{"taxonomy":"product_tag","embeddable":true,"href":"https:\/\/sklepfashion.pl\/index.php\/wp-json\/wp\/v2\/product_tag?post=3582"}],"curies":[{"name":"wp","href":"https:\/\/api.w.org\/{rel}","templated":true}]}}