{"id":2886,"date":"2025-01-03T16:11:54","date_gmt":"2025-01-03T16:11:54","guid":{"rendered":"https:\/\/sklepfashion.pl\/index.php\/produkt\/allsaints-workery-botki-damskie-ze-skory-lira-r-41-al84r\/"},"modified":"2025-01-20T15:21:10","modified_gmt":"2025-01-20T15:21:10","slug":"allsaints-workery-botki-damskie-ze-skory-lira-r-41-al84r","status":"publish","type":"product","link":"https:\/\/sklepfashion.pl\/index.php\/produkt\/allsaints-workery-botki-damskie-ze-skory-lira-r-41-al84r\/","title":{"rendered":"AllSaints Workery botki damskie ze sk\u00f3ry Lira R.41 AL84R"},"content":{"rendered":"<section class=\"section\">\n<div class=\"item item-6\">\n<section class=\"image-item\"><img decoding=\"async\" src=\"https:\/\/upload.cdn.baselinker.com\/products\/5028969\/da4c0e2dae4c664733410fecdb9e3bdd.jpg\" \/><\/section>\n<\/p><\/div>\n<div class=\"item item-6\">\n<section class=\"image-item\"><img decoding=\"async\" src=\"https:\/\/upload.cdn.baselinker.com\/products\/5028969\/e3ab6fee3c879e3a100a5fb91ed1306e.jpg\" \/><\/section>\n<\/p><\/div>\n<\/section>\n<section class=\"section\">\n<div class=\"item item-6\">\n<section class=\"text-item\">\n<p>AllSaints &nbsp;Workery &nbsp;botki damskie ze sk\u00f3ry Lira R.41 &nbsp;AL84R<\/p>\n<p>ROZMIAR&nbsp; 41&nbsp; wk\u0142adka 26,5 cm<\/p>\n<p>\u015alady u\u017cytkowania: Brak, Nowe.<\/p>\n<p><b>Materia\u0142 wewn\u0119trzny: Sk\u00f3ra naturalna<\/b><\/p>\n<p><b>Wy\u015bci\u00f3\u0142ka: sk\u00f3ra naturalna<\/b><\/p>\n<p><b>Podeszwa: <\/b>syntetyczna\/gumowa<\/p>\n<p><b>Wysoko\u015b\u0107 obcasa<\/b>: 3 cm<\/p>\n<p><b>Wysoko\u015b\u0107 obuwia ca\u0142kowita z obcasem: 27 cm<\/b><\/p>\n<p><b>Szeroko\u015b\u0107 cholewki<\/b>:&nbsp; brak<\/p>\n<p><b>Rodzaj ocieplenia:&nbsp;<\/b>nie<\/p>\n<p><b>Zapi\u0119cie; zamek<\/b><\/p>\n<p><b>Wz\u00f3r:&nbsp;<\/b>Kolor czarny<\/p>\n<p><b>Zapakowane w karton zast\u0119pczy<\/b><\/p>\n<p>Obuwie na naszych aukcjach s\u0105 oryginalne pochodz\u0105ce ze sklep\u00f3w z najwi\u0119kszych znanych platform<\/p>\n<p>Zapraszamy do zakupu<\/p>\n<\/section><\/div>\n<div class=\"item item-6\">\n<section class=\"image-item\"><img decoding=\"async\" src=\"https:\/\/upload.cdn.baselinker.com\/products\/5028969\/c06a207c388e878f9aa5e9383ff22f52.jpg\" \/><\/section>\n<\/p><\/div>\n<\/section>\n","protected":false},"excerpt":{"rendered":"<p>AllSaints &nbsp;Workery &nbsp;botki damskie ze sk\u00f3ry Lira R.41 &nbsp;AL84R ROZMIAR&nbsp; 41&nbsp; wk\u0142adka 26,5 cm \u015alady u\u017cytkowania: Brak, Nowe. Materia\u0142 wewn\u0119trzny: Sk\u00f3ra naturalna Wy\u015bci\u00f3\u0142ka: sk\u00f3ra naturalna Podeszwa: syntetyczna\/gumowa Wysoko\u015b\u0107 obcasa: 3 cm Wysoko\u015b\u0107 obuwia ca\u0142kowita z obcasem: 27 cm Szeroko\u015b\u0107 cholewki:&nbsp; brak Rodzaj ocieplenia:&nbsp;nie Zapi\u0119cie; zamek Wz\u00f3r:&nbsp;Kolor czarny Zapakowane w karton zast\u0119pczy Obuwie na naszych aukcjach [&hellip;]<\/p>\n","protected":false},"featured_media":3087,"comment_status":"open","ping_status":"closed","template":"","meta":{"_gspb_post_css":"","slim_seo":{"title":"AllSaints Workery botki damskie ze sk\u00f3ry Lira R.41 AL84R - SklepFashion Gda\u0144sk","description":"AllSaints &nbsp;Workery &nbsp;botki damskie ze sk\u00f3ry Lira R.41 &nbsp;AL84R ROZMIAR&nbsp; 41&nbsp; wk\u0142adka 26,5 cm \u015alady u\u017cytkowania: Brak, Nowe. Materia\u0142 wewn\u0119t"},"iawp_total_views":10},"product_brand":[],"product_cat":[119,67,126,169],"product_tag":[],"class_list":{"0":"post-2886","1":"product","2":"type-product","3":"status-publish","4":"has-post-thumbnail","6":"product_cat-damskie","7":"product_cat-odziez-obuwie-dodatki-obuwie-damskie-botki","8":"product_cat-rozmiar-41","9":"product_cat-rozmiar-41-damskie","11":"first","12":"instock","13":"shipping-taxable","14":"purchasable","15":"product-type-simple"},"_links":{"self":[{"href":"https:\/\/sklepfashion.pl\/index.php\/wp-json\/wp\/v2\/product\/2886","targetHints":{"allow":["GET"]}}],"collection":[{"href":"https:\/\/sklepfashion.pl\/index.php\/wp-json\/wp\/v2\/product"}],"about":[{"href":"https:\/\/sklepfashion.pl\/index.php\/wp-json\/wp\/v2\/types\/product"}],"replies":[{"embeddable":true,"href":"https:\/\/sklepfashion.pl\/index.php\/wp-json\/wp\/v2\/comments?post=2886"}],"wp:featuredmedia":[{"embeddable":true,"href":"https:\/\/sklepfashion.pl\/index.php\/wp-json\/wp\/v2\/media\/3087"}],"wp:attachment":[{"href":"https:\/\/sklepfashion.pl\/index.php\/wp-json\/wp\/v2\/media?parent=2886"}],"wp:term":[{"taxonomy":"product_brand","embeddable":true,"href":"https:\/\/sklepfashion.pl\/index.php\/wp-json\/wp\/v2\/product_brand?post=2886"},{"taxonomy":"product_cat","embeddable":true,"href":"https:\/\/sklepfashion.pl\/index.php\/wp-json\/wp\/v2\/product_cat?post=2886"},{"taxonomy":"product_tag","embeddable":true,"href":"https:\/\/sklepfashion.pl\/index.php\/wp-json\/wp\/v2\/product_tag?post=2886"}],"curies":[{"name":"wp","href":"https:\/\/api.w.org\/{rel}","templated":true}]}}