{"id":15532,"date":"2025-02-12T14:43:20","date_gmt":"2025-02-12T14:43:20","guid":{"rendered":"https:\/\/sklepfashion.pl\/?post_type=product&#038;p=15532"},"modified":"2025-05-01T13:39:43","modified_gmt":"2025-05-01T13:39:43","slug":"botki-damskie-sneakersy-rozciagliwe-za-kostke-polilini-r-40-po94r","status":"publish","type":"product","link":"https:\/\/sklepfashion.pl\/index.php\/produkt\/botki-damskie-sneakersy-rozciagliwe-za-kostke-polilini-r-40-po94r\/","title":{"rendered":"Botki damskie \u00a0Sneakersy rozci\u0105gliwe za kostk\u0119 POLILINI \u00a0 R.40 PO94R"},"content":{"rendered":"<p>Botki damskie \u00a0Sneakersy rozci\u0105gliwe za kostk\u0119 POLILINI \u00a0 R.40 PO94R<\/p>\n<p>ROZMIAR\u00a0 40.41 wk\u0142adka 27 cm<\/p>\n<p>\u015alady u\u017cytkowania: Brak, Nowe.<\/p>\n<p><b>Materia\u0142 wewn\u0119trzny: Sk\u00f3ra<\/b><\/p>\n<p><b>Podeszwa:\u00a0<\/b>syntetyczna\/gumowa<\/p>\n<p><b>Wysoko\u015b\u0107 obcasa<\/b>: 4 cm<\/p>\n<p><b>Wysoko\u015b\u0107 obuwia ca\u0142kowita z obcasem:<\/b>\u00a018 cm<\/p>\n<p><b>Szeroko\u015b\u0107 cholewki<\/b>:\u00a0 regulowana<\/p>\n<p><b>Rodzaj ocieplenia: NIE<\/b><\/p>\n<p><b>Zapi\u0119cie; wsuwane<\/b><\/p>\n<p><b>Wz\u00f3r:\u00a0<\/b>Kolor br\u0105zowy<\/p>\n<p><b>Zapakowane w karton<\/b><\/p>\n","protected":false},"excerpt":{"rendered":"<p>Botki damskie \u00a0Sneakersy rozci\u0105gliwe za kostk\u0119 POLILINI \u00a0 R.40 PO94R ROZMIAR\u00a0 40.41 wk\u0142adka 27 cm \u015alady u\u017cytkowania: Brak, Nowe. Materia\u0142 wewn\u0119trzny: Sk\u00f3ra Podeszwa:\u00a0syntetyczna\/gumowa Wysoko\u015b\u0107 obcasa: 4 cm Wysoko\u015b\u0107 obuwia ca\u0142kowita z obcasem:\u00a018 cm Szeroko\u015b\u0107 cholewki:\u00a0 regulowana Rodzaj ocieplenia: NIE Zapi\u0119cie; wsuwane Wz\u00f3r:\u00a0Kolor br\u0105zowy Zapakowane w karton<\/p>\n","protected":false},"featured_media":15533,"comment_status":"open","ping_status":"closed","template":"","meta":{"_gspb_post_css":"","slim_seo":{"title":"Botki damskie \u00a0Sneakersy rozci\u0105gliwe za kostk\u0119 POLILINI \u00a0 R.40 PO94R - SklepFashion Gda\u0144sk","description":"Botki damskie \u00a0Sneakersy rozci\u0105gliwe za kostk\u0119 POLILINI \u00a0 R.40 PO94R ROZMIAR\u00a0 40.41 wk\u0142adka 27 cm \u015alady u\u017cytkowania: Brak, Nowe. Materia\u0142 wewn\u0119trzny: Sk\u00f3ra Pode"},"iawp_total_views":11},"product_brand":[],"product_cat":[116,161,119,125,168,126,169],"product_tag":[],"class_list":{"0":"post-15532","1":"product","2":"type-product","3":"status-publish","4":"has-post-thumbnail","6":"product_cat-damskie-buty","7":"product_cat-nowosci","8":"product_cat-damskie","9":"product_cat-rozmiar-40","10":"product_cat-rozmiar-40-damskie","11":"product_cat-rozmiar-41","12":"product_cat-rozmiar-41-damskie","14":"first","15":"instock","16":"sale","17":"shipping-taxable","18":"purchasable","19":"product-type-simple"},"_links":{"self":[{"href":"https:\/\/sklepfashion.pl\/index.php\/wp-json\/wp\/v2\/product\/15532","targetHints":{"allow":["GET"]}}],"collection":[{"href":"https:\/\/sklepfashion.pl\/index.php\/wp-json\/wp\/v2\/product"}],"about":[{"href":"https:\/\/sklepfashion.pl\/index.php\/wp-json\/wp\/v2\/types\/product"}],"replies":[{"embeddable":true,"href":"https:\/\/sklepfashion.pl\/index.php\/wp-json\/wp\/v2\/comments?post=15532"}],"wp:featuredmedia":[{"embeddable":true,"href":"https:\/\/sklepfashion.pl\/index.php\/wp-json\/wp\/v2\/media\/15533"}],"wp:attachment":[{"href":"https:\/\/sklepfashion.pl\/index.php\/wp-json\/wp\/v2\/media?parent=15532"}],"wp:term":[{"taxonomy":"product_brand","embeddable":true,"href":"https:\/\/sklepfashion.pl\/index.php\/wp-json\/wp\/v2\/product_brand?post=15532"},{"taxonomy":"product_cat","embeddable":true,"href":"https:\/\/sklepfashion.pl\/index.php\/wp-json\/wp\/v2\/product_cat?post=15532"},{"taxonomy":"product_tag","embeddable":true,"href":"https:\/\/sklepfashion.pl\/index.php\/wp-json\/wp\/v2\/product_tag?post=15532"}],"curies":[{"name":"wp","href":"https:\/\/api.w.org\/{rel}","templated":true}]}}