{"id":14459,"date":"2025-01-04T11:59:28","date_gmt":"2025-01-04T11:59:28","guid":{"rendered":"https:\/\/sklepfashion.pl\/index.php\/produkt\/sniegowce-sorel-cumberland-unisex-r25-so9p\/"},"modified":"2025-01-04T11:59:28","modified_gmt":"2025-01-04T11:59:28","slug":"sniegowce-sorel-cumberland-unisex-r25-so9p","status":"publish","type":"product","link":"https:\/\/sklepfashion.pl\/index.php\/produkt\/sniegowce-sorel-cumberland-unisex-r25-so9p\/","title":{"rendered":"\u015aniegowce SOREL Cumberland Unisex R,25 SO9P"},"content":{"rendered":"<section class=\"section\">\n<div class=\"item item-6\">\n<section class=\"image-item\"><img decoding=\"async\" src=\"https:\/\/upload.cdn.baselinker.com\/products\/5028969\/7261f3eba2ecf521a3aaf4580befef10.jpg\" \/><\/section>\n<\/p><\/div>\n<div class=\"item item-6\">\n<section class=\"image-item\"><img decoding=\"async\" src=\"https:\/\/upload.cdn.baselinker.com\/products\/5028969\/603a3b42ab5feebbc320bdccaaa1bdac.jpg\" \/><\/section>\n<\/p><\/div>\n<\/section>\n<section class=\"section\">\n<div class=\"item item-6\">\n<section class=\"text-item\">\n<h1>\u015aniegowce SOREL Cumberland Unisex R,25 SO9P<\/h1>\n<p>Rozmiar 25&nbsp; wk\u0142adka 13 cm NA METCE RZECZYWISCIE 14 CM<\/p>\n<p>\u015alady u\u017cytkowania: U\u017cywane stan bardzo dobry<\/p>\n<p><b>Materia\u0142 zewn\u0119trzny<\/b> ;&nbsp; &nbsp;INNY<\/p>\n<p><b>Podeszwa: <\/b>syntetyczna gumowa<\/p>\n<p><b>Wysoko\u015b\u0107 obcasa<\/b>: 2 cm<\/p>\n<p><b>Wysoko\u015b\u0107 obuwia ca\u0142kowita z obcasem:<\/b>&nbsp; 17 cm<\/p>\n<p><b>Szeroko\u015b\u0107 cholewki bez rozci\u0105gania <\/b>:<\/p>\n<p><b>Rodzaj ocieplenia:&nbsp; tak<\/b><\/p>\n<p><b>Zapi\u0119cie: sznurowad\u0142a<\/b><\/p>\n<p><b>Wz\u00f3r:&nbsp;<\/b>Kolor&nbsp; szary<\/p>\n<p>Zapraszamy do zakupu<\/p>\n<\/section><\/div>\n<div class=\"item item-6\">\n<section class=\"image-item\"><img decoding=\"async\" src=\"https:\/\/upload.cdn.baselinker.com\/products\/5028969\/2a1692d98b764e884d19ea62d70ce040.jpg\" \/><\/section>\n<\/p><\/div>\n<\/section>\n","protected":false},"excerpt":{"rendered":"<p>\u015aniegowce SOREL Cumberland Unisex R,25 SO9P Rozmiar 25&nbsp; wk\u0142adka 13 cm NA METCE RZECZYWISCIE 14 CM \u015alady u\u017cytkowania: U\u017cywane stan bardzo dobry Materia\u0142 zewn\u0119trzny ;&nbsp; &nbsp;INNY Podeszwa: syntetyczna gumowa Wysoko\u015b\u0107 obcasa: 2 cm Wysoko\u015b\u0107 obuwia ca\u0142kowita z obcasem:&nbsp; 17 cm Szeroko\u015b\u0107 cholewki bez rozci\u0105gania : Rodzaj ocieplenia:&nbsp; tak Zapi\u0119cie: sznurowad\u0142a Wz\u00f3r:&nbsp;Kolor&nbsp; szary Zapraszamy do zakupu<\/p>\n","protected":false},"featured_media":14451,"comment_status":"open","ping_status":"closed","template":"","meta":{"_gspb_post_css":"","slim_seo":{"title":"\u015aniegowce SOREL Cumberland Unisex R,25 SO9P - SklepFashion Gda\u0144sk","description":"\u015aniegowce SOREL Cumberland Unisex R,25 SO9P Rozmiar 25&nbsp; wk\u0142adka 13 cm NA METCE RZECZYWISCIE 14 CM \u015alady u\u017cytkowania: U\u017cywane stan bardzo dobry Materia\u0142 zew"},"iawp_total_views":4},"product_brand":[],"product_cat":[83],"product_tag":[],"class_list":{"0":"post-14459","1":"product","2":"type-product","3":"status-publish","4":"has-post-thumbnail","6":"product_cat-dziecko-obuwie-sniegowce","8":"first","9":"instock","10":"shipping-taxable","11":"purchasable","12":"product-type-simple"},"_links":{"self":[{"href":"https:\/\/sklepfashion.pl\/index.php\/wp-json\/wp\/v2\/product\/14459","targetHints":{"allow":["GET"]}}],"collection":[{"href":"https:\/\/sklepfashion.pl\/index.php\/wp-json\/wp\/v2\/product"}],"about":[{"href":"https:\/\/sklepfashion.pl\/index.php\/wp-json\/wp\/v2\/types\/product"}],"replies":[{"embeddable":true,"href":"https:\/\/sklepfashion.pl\/index.php\/wp-json\/wp\/v2\/comments?post=14459"}],"wp:featuredmedia":[{"embeddable":true,"href":"https:\/\/sklepfashion.pl\/index.php\/wp-json\/wp\/v2\/media\/14451"}],"wp:attachment":[{"href":"https:\/\/sklepfashion.pl\/index.php\/wp-json\/wp\/v2\/media?parent=14459"}],"wp:term":[{"taxonomy":"product_brand","embeddable":true,"href":"https:\/\/sklepfashion.pl\/index.php\/wp-json\/wp\/v2\/product_brand?post=14459"},{"taxonomy":"product_cat","embeddable":true,"href":"https:\/\/sklepfashion.pl\/index.php\/wp-json\/wp\/v2\/product_cat?post=14459"},{"taxonomy":"product_tag","embeddable":true,"href":"https:\/\/sklepfashion.pl\/index.php\/wp-json\/wp\/v2\/product_tag?post=14459"}],"curies":[{"name":"wp","href":"https:\/\/api.w.org\/{rel}","templated":true}]}}