{"id":14221,"date":"2025-01-04T11:22:19","date_gmt":"2025-01-04T11:22:19","guid":{"rendered":"https:\/\/sklepfashion.pl\/index.php\/produkt\/even-odd-botki-na-obcasie-lakier-r-40-ev2s\/"},"modified":"2025-01-20T14:54:17","modified_gmt":"2025-01-20T14:54:17","slug":"even-odd-botki-na-obcasie-lakier-r-40-ev2s","status":"publish","type":"product","link":"https:\/\/sklepfashion.pl\/index.php\/produkt\/even-odd-botki-na-obcasie-lakier-r-40-ev2s\/","title":{"rendered":"Even &amp; odd Botki na obcasie lakier R.40 EV2s"},"content":{"rendered":"<section class=\"section\">\n<div class=\"item item-6\">\n<section class=\"image-item\"><img decoding=\"async\" src=\"https:\/\/upload.cdn.baselinker.com\/products\/5028969\/7af88afa6430f0c3d7e5d80abaf270bf.jpg\" \/><\/section>\n<\/p><\/div>\n<div class=\"item item-6\">\n<section class=\"image-item\"><img decoding=\"async\" src=\"https:\/\/upload.cdn.baselinker.com\/products\/5028969\/b338f7e8e34b4541a9e27ff725b9e449.jpg\" \/><\/section>\n<\/p><\/div>\n<\/section>\n<section class=\"section\">\n<div class=\"item item-6\">\n<section class=\"text-item\">\n<p>Even &amp; odd Botki na obcasie lakier R.40 EV2s<\/p>\n<p>Rozmiar&nbsp; 40&nbsp; wk\u0142adka&nbsp; 26&nbsp; CM<\/p>\n<p>\u015alady u\u017cytkowania: .Buty powystawowe<\/p>\n<p><b>Materia\u0142 wewn\u0119trzny: sk\u00f3ra eco<\/b><\/p>\n<p><b>Wy\u015bci\u00f3\u0142ka: skora eco<\/b><\/p>\n<p><b>Wysoko\u015b\u0107 obcasa<\/b>: 8&nbsp; cm<\/p>\n<p><b>Wysoko\u015b\u0107 obuwia ca\u0142kowita z obcasem:<\/b>&nbsp; 26 cm<\/p>\n<p><b>Szeroko\u015b\u0107 cholewki<\/b>:&nbsp; regulowana<\/p>\n<p><b>Zapi\u0119cie; wsuwane<\/b><\/p>\n<p><b>Zapakowane w karton<\/b><\/p>\n<p>Obuwie na naszych aukcjach s\u0105 oryginalne pochodz\u0105ce ze sklep\u00f3w z najwi\u0119kszych znanych platform<\/p>\n<p>Zapraszamy do zakupu<\/p>\n<\/section><\/div>\n<div class=\"item item-6\">\n<section class=\"image-item\"><img decoding=\"async\" src=\"https:\/\/upload.cdn.baselinker.com\/products\/5028969\/db7916f62af9fb04218a74c7b87a0c9a.jpg\" \/><\/section>\n<\/p><\/div>\n<\/section>\n","protected":false},"excerpt":{"rendered":"<p>Even &amp; odd Botki na obcasie lakier R.40 EV2s Rozmiar&nbsp; 40&nbsp; wk\u0142adka&nbsp; 26&nbsp; CM \u015alady u\u017cytkowania: .Buty powystawowe Materia\u0142 wewn\u0119trzny: sk\u00f3ra eco Wy\u015bci\u00f3\u0142ka: skora eco Wysoko\u015b\u0107 obcasa: 8&nbsp; cm Wysoko\u015b\u0107 obuwia ca\u0142kowita z obcasem:&nbsp; 26 cm Szeroko\u015b\u0107 cholewki:&nbsp; regulowana Zapi\u0119cie; wsuwane Zapakowane w karton Obuwie na naszych aukcjach s\u0105 oryginalne pochodz\u0105ce ze sklep\u00f3w z najwi\u0119kszych [&hellip;]<\/p>\n","protected":false},"featured_media":14214,"comment_status":"open","ping_status":"closed","template":"","meta":{"_gspb_post_css":"","slim_seo":{"title":"Even &amp; odd Botki na obcasie lakier R.40 EV2s - SklepFashion Gda\u0144sk","description":"Even &amp; odd Botki na obcasie lakier R.40 EV2s Rozmiar&nbsp; 40&nbsp; wk\u0142adka&nbsp; 26&nbsp; CM \u015alady u\u017cytkowania: .Buty powystawowe Materia\u0142 wewn\u0119trzny: sk\u00f3r"},"iawp_total_views":8},"product_brand":[],"product_cat":[119,67,125,168],"product_tag":[],"class_list":{"0":"post-14221","1":"product","2":"type-product","3":"status-publish","4":"has-post-thumbnail","6":"product_cat-damskie","7":"product_cat-odziez-obuwie-dodatki-obuwie-damskie-botki","8":"product_cat-rozmiar-40","9":"product_cat-rozmiar-40-damskie","11":"first","12":"instock","13":"shipping-taxable","14":"purchasable","15":"product-type-simple"},"_links":{"self":[{"href":"https:\/\/sklepfashion.pl\/index.php\/wp-json\/wp\/v2\/product\/14221","targetHints":{"allow":["GET"]}}],"collection":[{"href":"https:\/\/sklepfashion.pl\/index.php\/wp-json\/wp\/v2\/product"}],"about":[{"href":"https:\/\/sklepfashion.pl\/index.php\/wp-json\/wp\/v2\/types\/product"}],"replies":[{"embeddable":true,"href":"https:\/\/sklepfashion.pl\/index.php\/wp-json\/wp\/v2\/comments?post=14221"}],"wp:featuredmedia":[{"embeddable":true,"href":"https:\/\/sklepfashion.pl\/index.php\/wp-json\/wp\/v2\/media\/14214"}],"wp:attachment":[{"href":"https:\/\/sklepfashion.pl\/index.php\/wp-json\/wp\/v2\/media?parent=14221"}],"wp:term":[{"taxonomy":"product_brand","embeddable":true,"href":"https:\/\/sklepfashion.pl\/index.php\/wp-json\/wp\/v2\/product_brand?post=14221"},{"taxonomy":"product_cat","embeddable":true,"href":"https:\/\/sklepfashion.pl\/index.php\/wp-json\/wp\/v2\/product_cat?post=14221"},{"taxonomy":"product_tag","embeddable":true,"href":"https:\/\/sklepfashion.pl\/index.php\/wp-json\/wp\/v2\/product_tag?post=14221"}],"curies":[{"name":"wp","href":"https:\/\/api.w.org\/{rel}","templated":true}]}}