{"id":14026,"date":"2025-01-04T10:52:38","date_gmt":"2025-01-04T10:52:38","guid":{"rendered":"https:\/\/sklepfashion.pl\/index.php\/produkt\/kavat-vattentat-buty-zimowe-sniegowce-r-22-ka4s\/"},"modified":"2025-01-20T15:57:41","modified_gmt":"2025-01-20T15:57:41","slug":"kavat-vattentat-buty-zimowe-sniegowce-r-22-ka4s","status":"publish","type":"product","link":"https:\/\/sklepfashion.pl\/index.php\/produkt\/kavat-vattentat-buty-zimowe-sniegowce-r-22-ka4s\/","title":{"rendered":"KAVAT VATTENTAT buty zimowe \u015bniegowce R.22 KA4S"},"content":{"rendered":"<section class=\"section\">\n<div class=\"item item-6\">\n<section class=\"image-item\"><img decoding=\"async\" src=\"https:\/\/upload.cdn.baselinker.com\/products\/5028969\/f5a5cd90a9e4d834fc1323b035926b4f.jpg\" \/><\/section>\n<\/p><\/div>\n<div class=\"item item-6\">\n<section class=\"image-item\"><img decoding=\"async\" src=\"https:\/\/upload.cdn.baselinker.com\/products\/5028969\/76fa47af1d73301b41bde699f961941a.jpg\" \/><\/section>\n<\/p><\/div>\n<\/section>\n<section class=\"section\">\n<div class=\"item item-6\">\n<section class=\"text-item\">\n<h1>KAVAT VATTENTAT buty zimowe \u015bniegowce R.22 KA4S<\/h1>\n<p>Rozmiar 22&nbsp; &nbsp; wk\u0142adka 13.5-14 cm<\/p>\n<p>\u015alady u\u017cytkowania: NOWE<\/p>\n<p>Materia\u0142: inny<\/p>\n<p><b>Podeszwa: <\/b>syntetyczna gumowa<\/p>\n<p><b>Wysoko\u015b\u0107 obcasa<\/b>: 2,5 cm<\/p>\n<p><b>Wysoko\u015b\u0107 obuwia ca\u0142kowita z obcasem:<\/b>&nbsp; 13 cm<\/p>\n<p><b>Szeroko\u015b\u0107 cholewki bez rozci\u0105gania <\/b>:<\/p>\n<p><b>Rodzaj ocieplenia:&nbsp; tak<\/b><\/p>\n<p><b>Zapi\u0119cie:&nbsp; troczek<\/b><\/p>\n<p><b>opakowanie zastepcze<\/b><\/p>\n<p>Zapraszamy do zakupu<\/p>\n<\/section><\/div>\n<div class=\"item item-6\">\n<section class=\"image-item\"><img decoding=\"async\" src=\"https:\/\/upload.cdn.baselinker.com\/products\/5028969\/797d9fdd33f390718dde086987f69421.jpg\" \/><\/section>\n<\/p><\/div>\n<\/section>\n","protected":false},"excerpt":{"rendered":"<p>KAVAT VATTENTAT buty zimowe \u015bniegowce R.22 KA4S Rozmiar 22&nbsp; &nbsp; wk\u0142adka 13.5-14 cm \u015alady u\u017cytkowania: NOWE Materia\u0142: inny Podeszwa: syntetyczna gumowa Wysoko\u015b\u0107 obcasa: 2,5 cm Wysoko\u015b\u0107 obuwia ca\u0142kowita z obcasem:&nbsp; 13 cm Szeroko\u015b\u0107 cholewki bez rozci\u0105gania : Rodzaj ocieplenia:&nbsp; tak Zapi\u0119cie:&nbsp; troczek opakowanie zastepcze Zapraszamy do zakupu<\/p>\n","protected":false},"featured_media":14020,"comment_status":"open","ping_status":"closed","template":"","meta":{"_gspb_post_css":"","slim_seo":{"title":"KAVAT VATTENTAT buty zimowe \u015bniegowce R.22 KA4S - SklepFashion Gda\u0144sk","description":"KAVAT VATTENTAT buty zimowe \u015bniegowce R.22 KA4S Rozmiar 22&nbsp; &nbsp; wk\u0142adka 13.5-14 cm \u015alady u\u017cytkowania: NOWE Materia\u0142: inny Podeszwa: syntetyczna gumowa W"},"iawp_total_views":30},"product_brand":[],"product_cat":[83,162,178,150],"product_tag":[],"class_list":{"0":"post-14026","1":"product","2":"type-product","3":"status-publish","4":"has-post-thumbnail","6":"product_cat-dziecko-obuwie-sniegowce","7":"product_cat-obuwie-dzieciece","8":"product_cat-rozmiar-22-23","9":"product_cat-22-23","11":"first","12":"instock","13":"shipping-taxable","14":"purchasable","15":"product-type-simple"},"_links":{"self":[{"href":"https:\/\/sklepfashion.pl\/index.php\/wp-json\/wp\/v2\/product\/14026","targetHints":{"allow":["GET"]}}],"collection":[{"href":"https:\/\/sklepfashion.pl\/index.php\/wp-json\/wp\/v2\/product"}],"about":[{"href":"https:\/\/sklepfashion.pl\/index.php\/wp-json\/wp\/v2\/types\/product"}],"replies":[{"embeddable":true,"href":"https:\/\/sklepfashion.pl\/index.php\/wp-json\/wp\/v2\/comments?post=14026"}],"wp:featuredmedia":[{"embeddable":true,"href":"https:\/\/sklepfashion.pl\/index.php\/wp-json\/wp\/v2\/media\/14020"}],"wp:attachment":[{"href":"https:\/\/sklepfashion.pl\/index.php\/wp-json\/wp\/v2\/media?parent=14026"}],"wp:term":[{"taxonomy":"product_brand","embeddable":true,"href":"https:\/\/sklepfashion.pl\/index.php\/wp-json\/wp\/v2\/product_brand?post=14026"},{"taxonomy":"product_cat","embeddable":true,"href":"https:\/\/sklepfashion.pl\/index.php\/wp-json\/wp\/v2\/product_cat?post=14026"},{"taxonomy":"product_tag","embeddable":true,"href":"https:\/\/sklepfashion.pl\/index.php\/wp-json\/wp\/v2\/product_tag?post=14026"}],"curies":[{"name":"wp","href":"https:\/\/api.w.org\/{rel}","templated":true}]}}