{"id":13859,"date":"2025-01-04T10:27:33","date_gmt":"2025-01-04T10:27:33","guid":{"rendered":"https:\/\/sklepfashion.pl\/index.php\/produkt\/tom-tailor-damskie-sneakersy-bezowe-r-40-to02l\/"},"modified":"2025-05-01T13:43:06","modified_gmt":"2025-05-01T13:43:06","slug":"tom-tailor-damskie-sneakersy-bezowe-r-40-to02l","status":"publish","type":"product","link":"https:\/\/sklepfashion.pl\/index.php\/produkt\/tom-tailor-damskie-sneakersy-bezowe-r-40-to02l\/","title":{"rendered":"Tom Tailor damskie sneakersy be\u017cowe R.40 TO02L"},"content":{"rendered":"<section class=\"section\">\n<div class=\"item item-6\">\n<section class=\"image-item\"><img decoding=\"async\" src=\"https:\/\/upload.cdn.baselinker.com\/products\/5028969\/e1431463c6e160272072cec7a0fe26ad.jpg\" \/><\/section>\n<\/p><\/div>\n<div class=\"item item-6\">\n<section class=\"image-item\"><img decoding=\"async\" src=\"https:\/\/upload.cdn.baselinker.com\/products\/5028969\/7fe573cedd851e36b697c6db2d543585.jpg\" \/><\/section>\n<\/p><\/div>\n<\/section>\n<section class=\"section\">\n<div class=\"item item-6\">\n<section class=\"text-item\">\n<p>Tom Tailor damskie sneakersy be\u017cowe R.40 TO02L<\/p>\n<p>Rozmiar 40&nbsp; wk\u0142adka 26&nbsp; Cm,<\/p>\n<p>\u015alady u\u017cytkowania: NOWY<\/p>\n<p>wk\u0142adka TKANINA<\/p>\n<p><b>Podeszwa: <\/b>syntetyczna gumowa<\/p>\n<p><b>Wysoko\u015b\u0107 obcasa<\/b>: 3.5&nbsp; cm<\/p>\n<p><b>Wysoko\u015b\u0107 obuwia ca\u0142kowita z obcasem:<\/b>&nbsp; 10 cm<\/p>\n<p><b>Szeroko\u015b\u0107 cholewki bez rozci\u0105gania <\/b>: regulowana<\/p>\n<p><b>Rodzaj ocieplenia: nie<\/b><\/p>\n<p><b>Zapi\u0119cie: sznurowane<\/b><\/p>\n<p><b>Wz\u00f3r:&nbsp;<\/b>Kolor bezowy<\/p>\n<p>Obuwie na naszych aukcjach s\u0105 oryginalne pochodz\u0105ce ze sklep\u00f3w z najwi\u0119kszych znanych platform.<\/p>\n<p>Zapraszamy do zakupu<\/p>\n<\/section><\/div>\n<div class=\"item item-6\">\n<section class=\"image-item\"><img decoding=\"async\" src=\"https:\/\/upload.cdn.baselinker.com\/products\/5028969\/c87f88c90c5fb223c9e40123fa1f222a.jpg\" \/><\/section>\n<\/p><\/div>\n<\/section>\n","protected":false},"excerpt":{"rendered":"<p>Tom Tailor damskie sneakersy be\u017cowe R.40 TO02L Rozmiar 40&nbsp; wk\u0142adka 26&nbsp; Cm, \u015alady u\u017cytkowania: NOWY wk\u0142adka TKANINA Podeszwa: syntetyczna gumowa Wysoko\u015b\u0107 obcasa: 3.5&nbsp; cm Wysoko\u015b\u0107 obuwia ca\u0142kowita z obcasem:&nbsp; 10 cm Szeroko\u015b\u0107 cholewki bez rozci\u0105gania : regulowana Rodzaj ocieplenia: nie Zapi\u0119cie: sznurowane Wz\u00f3r:&nbsp;Kolor bezowy Obuwie na naszych aukcjach s\u0105 oryginalne pochodz\u0105ce ze sklep\u00f3w z najwi\u0119kszych [&hellip;]<\/p>\n","protected":false},"featured_media":13852,"comment_status":"open","ping_status":"closed","template":"","meta":{"_gspb_post_css":"","slim_seo":{"title":"Tom Tailor damskie sneakersy be\u017cowe R.40 TO02L - SklepFashion Gda\u0144sk","description":"Tom Tailor damskie sneakersy be\u017cowe R.40 TO02L Rozmiar 40&nbsp; wk\u0142adka 26&nbsp; Cm, \u015alady u\u017cytkowania: NOWY wk\u0142adka TKANINA Podeszwa: syntetyczna gumowa Wysoko"},"iawp_total_views":9},"product_brand":[],"product_cat":[15,119,125,168],"product_tag":[],"class_list":{"0":"post-13859","1":"product","2":"type-product","3":"status-publish","4":"has-post-thumbnail","6":"product_cat-bez-kategorii","7":"product_cat-damskie","8":"product_cat-rozmiar-40","9":"product_cat-rozmiar-40-damskie","11":"first","12":"instock","13":"sale","14":"shipping-taxable","15":"purchasable","16":"product-type-simple"},"_links":{"self":[{"href":"https:\/\/sklepfashion.pl\/index.php\/wp-json\/wp\/v2\/product\/13859","targetHints":{"allow":["GET"]}}],"collection":[{"href":"https:\/\/sklepfashion.pl\/index.php\/wp-json\/wp\/v2\/product"}],"about":[{"href":"https:\/\/sklepfashion.pl\/index.php\/wp-json\/wp\/v2\/types\/product"}],"replies":[{"embeddable":true,"href":"https:\/\/sklepfashion.pl\/index.php\/wp-json\/wp\/v2\/comments?post=13859"}],"wp:featuredmedia":[{"embeddable":true,"href":"https:\/\/sklepfashion.pl\/index.php\/wp-json\/wp\/v2\/media\/13852"}],"wp:attachment":[{"href":"https:\/\/sklepfashion.pl\/index.php\/wp-json\/wp\/v2\/media?parent=13859"}],"wp:term":[{"taxonomy":"product_brand","embeddable":true,"href":"https:\/\/sklepfashion.pl\/index.php\/wp-json\/wp\/v2\/product_brand?post=13859"},{"taxonomy":"product_cat","embeddable":true,"href":"https:\/\/sklepfashion.pl\/index.php\/wp-json\/wp\/v2\/product_cat?post=13859"},{"taxonomy":"product_tag","embeddable":true,"href":"https:\/\/sklepfashion.pl\/index.php\/wp-json\/wp\/v2\/product_tag?post=13859"}],"curies":[{"name":"wp","href":"https:\/\/api.w.org\/{rel}","templated":true}]}}