{"id":13304,"date":"2025-01-04T09:00:26","date_gmt":"2025-01-04T09:00:26","guid":{"rendered":"https:\/\/sklepfashion.pl\/index.php\/produkt\/sniegowce-skorzane-ricosta-r-32-ri82l\/"},"modified":"2025-01-20T16:03:38","modified_gmt":"2025-01-20T16:03:38","slug":"sniegowce-skorzane-ricosta-r-32-ri82l","status":"publish","type":"product","link":"https:\/\/sklepfashion.pl\/index.php\/produkt\/sniegowce-skorzane-ricosta-r-32-ri82l\/","title":{"rendered":"\u015aniegowce sk\u00f3rzane RICOSTA R.32 RI82L"},"content":{"rendered":"<section class=\"section\">\n<div class=\"item item-6\">\n<section class=\"image-item\"><img decoding=\"async\" src=\"https:\/\/upload.cdn.baselinker.com\/products\/5028969\/8f95c3ed7c4074227e16edfb447483ae.jpg\" \/><\/section>\n<\/p><\/div>\n<div class=\"item item-6\">\n<section class=\"image-item\"><img decoding=\"async\" src=\"https:\/\/upload.cdn.baselinker.com\/products\/5028969\/f7ce7b99759f4022d1830cdcf4e9c552.jpg\" \/><\/section>\n<\/p><\/div>\n<\/section>\n<section class=\"section\">\n<div class=\"item item-6\">\n<section class=\"text-item\">\n<h1>\u015aniegowce sk\u00f3rzane RICOSTA R.32 RI82L<\/h1>\n<p>Rozmiar 32&nbsp; &nbsp;wk\u0142adka 20,5-21 cm<\/p>\n<p>\u015alady u\u017cytkowania: NOWE<\/p>\n<p>Materia\u0142: zamsz . sk\u00f3ra nubuk<\/p>\n<p>wk\u0142adka ocieplana<\/p>\n<p><b>Podeszwa: <\/b>syntetyczna gumowa<\/p>\n<p><b>Wysoko\u015b\u0107 obcasa<\/b>: 3 cm<\/p>\n<p><b>Wysoko\u015b\u0107 obuwia ca\u0142kowita z obcasem:<\/b>&nbsp; 13&nbsp; cm<\/p>\n<p><b>Szeroko\u015b\u0107 cholewki bez rozci\u0105gania <\/b>:<\/p>\n<p><b>Rodzaj ocieplenia:&nbsp; tak<\/b><\/p>\n<p><b>Zapi\u0119cie:&nbsp;sznurowad\u0142a<\/b><\/p>\n<p><b>Wz\u00f3r:&nbsp;<\/b>Kolor&nbsp; czarny<\/p>\n<p>Zapraszamy do zakupu<\/p>\n<\/section><\/div>\n<div class=\"item item-6\">\n<section class=\"image-item\"><img decoding=\"async\" src=\"https:\/\/upload.cdn.baselinker.com\/products\/5028969\/b3c5494e54b3b230f4999b3a98194fde.jpg\" \/><\/section>\n<\/p><\/div>\n<\/section>\n","protected":false},"excerpt":{"rendered":"<p>\u015aniegowce sk\u00f3rzane RICOSTA R.32 RI82L Rozmiar 32&nbsp; &nbsp;wk\u0142adka 20,5-21 cm \u015alady u\u017cytkowania: NOWE Materia\u0142: zamsz . sk\u00f3ra nubuk wk\u0142adka ocieplana Podeszwa: syntetyczna gumowa Wysoko\u015b\u0107 obcasa: 3 cm Wysoko\u015b\u0107 obuwia ca\u0142kowita z obcasem:&nbsp; 13&nbsp; cm Szeroko\u015b\u0107 cholewki bez rozci\u0105gania : Rodzaj ocieplenia:&nbsp; tak Zapi\u0119cie:&nbsp;sznurowad\u0142a Wz\u00f3r:&nbsp;Kolor&nbsp; czarny Zapraszamy do zakupu<\/p>\n","protected":false},"featured_media":13296,"comment_status":"open","ping_status":"closed","template":"","meta":{"_gspb_post_css":"","slim_seo":{"title":"\u015aniegowce sk\u00f3rzane RICOSTA R.32 RI82L - SklepFashion Gda\u0144sk","description":"\u015aniegowce sk\u00f3rzane RICOSTA R.32 RI82L Rozmiar 32&nbsp; &nbsp;wk\u0142adka 20,5-21 cm \u015alady u\u017cytkowania: NOWE Materia\u0142: zamsz . sk\u00f3ra nubuk wk\u0142adka ocieplana Podeszwa"},"iawp_total_views":2},"product_brand":[],"product_cat":[83,162,183,155],"product_tag":[],"class_list":{"0":"post-13304","1":"product","2":"type-product","3":"status-publish","4":"has-post-thumbnail","6":"product_cat-dziecko-obuwie-sniegowce","7":"product_cat-obuwie-dzieciece","8":"product_cat-rozmiar-31-32","9":"product_cat-31-32","11":"first","12":"instock","13":"shipping-taxable","14":"purchasable","15":"product-type-simple"},"_links":{"self":[{"href":"https:\/\/sklepfashion.pl\/index.php\/wp-json\/wp\/v2\/product\/13304","targetHints":{"allow":["GET"]}}],"collection":[{"href":"https:\/\/sklepfashion.pl\/index.php\/wp-json\/wp\/v2\/product"}],"about":[{"href":"https:\/\/sklepfashion.pl\/index.php\/wp-json\/wp\/v2\/types\/product"}],"replies":[{"embeddable":true,"href":"https:\/\/sklepfashion.pl\/index.php\/wp-json\/wp\/v2\/comments?post=13304"}],"wp:featuredmedia":[{"embeddable":true,"href":"https:\/\/sklepfashion.pl\/index.php\/wp-json\/wp\/v2\/media\/13296"}],"wp:attachment":[{"href":"https:\/\/sklepfashion.pl\/index.php\/wp-json\/wp\/v2\/media?parent=13304"}],"wp:term":[{"taxonomy":"product_brand","embeddable":true,"href":"https:\/\/sklepfashion.pl\/index.php\/wp-json\/wp\/v2\/product_brand?post=13304"},{"taxonomy":"product_cat","embeddable":true,"href":"https:\/\/sklepfashion.pl\/index.php\/wp-json\/wp\/v2\/product_cat?post=13304"},{"taxonomy":"product_tag","embeddable":true,"href":"https:\/\/sklepfashion.pl\/index.php\/wp-json\/wp\/v2\/product_tag?post=13304"}],"curies":[{"name":"wp","href":"https:\/\/api.w.org\/{rel}","templated":true}]}}