{"id":12969,"date":"2025-01-04T08:18:49","date_gmt":"2025-01-04T08:18:49","guid":{"rendered":"https:\/\/sklepfashion.pl\/index.php\/produkt\/raid-kozaki-na-platformie-sterczowe-r-365-ra92l\/"},"modified":"2025-01-20T14:55:26","modified_gmt":"2025-01-20T14:55:26","slug":"raid-kozaki-na-platformie-sterczowe-r-365-ra92l","status":"publish","type":"product","link":"https:\/\/sklepfashion.pl\/index.php\/produkt\/raid-kozaki-na-platformie-sterczowe-r-365-ra92l\/","title":{"rendered":"Raid kozaki na platformie sterczowe R.36,5 RA92L"},"content":{"rendered":"<section class=\"section\">\n<div class=\"item item-6\">\n<section class=\"image-item\"><img decoding=\"async\" src=\"https:\/\/upload.cdn.baselinker.com\/products\/5028969\/ef69644d4436ead5ec5862ecaf1953da.jpg\" \/><\/section>\n<\/p><\/div>\n<div class=\"item item-6\">\n<section class=\"image-item\"><img decoding=\"async\" src=\"https:\/\/upload.cdn.baselinker.com\/products\/5028969\/807a5f67098aec1c02b8317e437d72d6.jpg\" \/><\/section>\n<\/p><\/div>\n<\/section>\n<section class=\"section\">\n<div class=\"item item-6\">\n<section class=\"text-item\">\n<p>Raid Kola Muszkieterki za kolano R.40 RA672W<\/p>\n<p>Rozmiar 36,5 wk\u0142adka 23 cm UK 3<\/p>\n<p>\u015alady u\u017cytkowania: Brak. Nowe<\/p>\n<p><b>Materia\u0142 wewn\u0119trzny: Sk\u00f3ra eco<\/b><\/p>\n<p><b>Wy\u015bci\u00f3\u0142ka: sk\u00f3ra eco<\/b><\/p>\n<p><b>Podeszwa: <\/b>syntetyczna\/gumowa<\/p>\n<p><b>Wysoko\u015b\u0107 obcasa<\/b>: 4,5 cm<\/p>\n<p><b>Wysoko\u015b\u0107 obuwia ca\u0142kowita z obcasem:<\/b>&nbsp; 40 cm<\/p>\n<p><b>Szeroko\u015b\u0107 cholewki<\/b>:&nbsp; REGULOWANA<\/p>\n<p><b>Rodzaj ocieplenia:&nbsp;<\/b>nie<\/p>\n<p><b>Zapi\u0119cie; zamek<\/b><\/p>\n<p><b>Wz\u00f3r:&nbsp;<\/b>Kolor&nbsp; czarny<\/p>\n<p>Obuwie na naszych aukcjach s\u0105 oryginalne pochodz\u0105ce ze sklep\u00f3w z najwi\u0119kszych znanych platform<\/p>\n<p>Zapraszamy do zakupu<\/p>\n<\/section><\/div>\n<div class=\"item item-6\">\n<section class=\"image-item\"><img decoding=\"async\" src=\"https:\/\/upload.cdn.baselinker.com\/products\/5028969\/1d9c697af646bd53160595b55e269fd9.jpg\" \/><\/section>\n<\/p><\/div>\n<\/section>\n","protected":false},"excerpt":{"rendered":"<p>Raid Kola Muszkieterki za kolano R.40 RA672W Rozmiar 36,5 wk\u0142adka 23 cm UK 3 \u015alady u\u017cytkowania: Brak. Nowe Materia\u0142 wewn\u0119trzny: Sk\u00f3ra eco Wy\u015bci\u00f3\u0142ka: sk\u00f3ra eco Podeszwa: syntetyczna\/gumowa Wysoko\u015b\u0107 obcasa: 4,5 cm Wysoko\u015b\u0107 obuwia ca\u0142kowita z obcasem:&nbsp; 40 cm Szeroko\u015b\u0107 cholewki:&nbsp; REGULOWANA Rodzaj ocieplenia:&nbsp;nie Zapi\u0119cie; zamek Wz\u00f3r:&nbsp;Kolor&nbsp; czarny Obuwie na naszych aukcjach s\u0105 oryginalne pochodz\u0105ce ze [&hellip;]<\/p>\n","protected":false},"featured_media":12956,"comment_status":"open","ping_status":"closed","template":"","meta":{"_gspb_post_css":"","slim_seo":{"title":"Raid kozaki na platformie sterczowe R.36,5 RA92L - SklepFashion Gda\u0144sk","description":"Raid Kola Muszkieterki za kolano R.40 RA672W Rozmiar 36,5 wk\u0142adka 23 cm UK 3 \u015alady u\u017cytkowania: Brak. Nowe Materia\u0142 wewn\u0119trzny: Sk\u00f3ra eco Wy\u015bci\u00f3\u0142ka: sk\u00f3ra eco P"},"iawp_total_views":5},"product_brand":[],"product_cat":[119,66,128,163,125,168],"product_tag":[],"class_list":{"0":"post-12969","1":"product","2":"type-product","3":"status-publish","4":"has-post-thumbnail","6":"product_cat-damskie","7":"product_cat-odziez-obuwie-dodatki-obuwie-damskie-kozaki","8":"product_cat-rozmiar-36","9":"product_cat-rozmiar-36-damskie","10":"product_cat-rozmiar-40","11":"product_cat-rozmiar-40-damskie","13":"first","14":"instock","15":"shipping-taxable","16":"purchasable","17":"product-type-simple"},"_links":{"self":[{"href":"https:\/\/sklepfashion.pl\/index.php\/wp-json\/wp\/v2\/product\/12969","targetHints":{"allow":["GET"]}}],"collection":[{"href":"https:\/\/sklepfashion.pl\/index.php\/wp-json\/wp\/v2\/product"}],"about":[{"href":"https:\/\/sklepfashion.pl\/index.php\/wp-json\/wp\/v2\/types\/product"}],"replies":[{"embeddable":true,"href":"https:\/\/sklepfashion.pl\/index.php\/wp-json\/wp\/v2\/comments?post=12969"}],"wp:featuredmedia":[{"embeddable":true,"href":"https:\/\/sklepfashion.pl\/index.php\/wp-json\/wp\/v2\/media\/12956"}],"wp:attachment":[{"href":"https:\/\/sklepfashion.pl\/index.php\/wp-json\/wp\/v2\/media?parent=12969"}],"wp:term":[{"taxonomy":"product_brand","embeddable":true,"href":"https:\/\/sklepfashion.pl\/index.php\/wp-json\/wp\/v2\/product_brand?post=12969"},{"taxonomy":"product_cat","embeddable":true,"href":"https:\/\/sklepfashion.pl\/index.php\/wp-json\/wp\/v2\/product_cat?post=12969"},{"taxonomy":"product_tag","embeddable":true,"href":"https:\/\/sklepfashion.pl\/index.php\/wp-json\/wp\/v2\/product_tag?post=12969"}],"curies":[{"name":"wp","href":"https:\/\/api.w.org\/{rel}","templated":true}]}}