{"id":12386,"date":"2025-01-04T07:16:08","date_gmt":"2025-01-04T07:16:08","guid":{"rendered":"https:\/\/sklepfashion.pl\/index.php\/produkt\/tamaris-sztyblety-skorzane-na-obcasie-r-40-ta62w\/"},"modified":"2025-01-20T14:55:27","modified_gmt":"2025-01-20T14:55:27","slug":"tamaris-sztyblety-skorzane-na-obcasie-r-40-ta62w","status":"publish","type":"product","link":"https:\/\/sklepfashion.pl\/index.php\/produkt\/tamaris-sztyblety-skorzane-na-obcasie-r-40-ta62w\/","title":{"rendered":"Tamaris sztyblety sk\u00f3rzane na obcasie R.40 TA62W"},"content":{"rendered":"<section class=\"section\">\n<div class=\"item item-6\">\n<section class=\"image-item\"><img decoding=\"async\" src=\"https:\/\/upload.cdn.baselinker.com\/products\/5028969\/4c1cef2ef81dd0c15ae900c9a47bc2df.jpg\" \/><\/section>\n<\/p><\/div>\n<div class=\"item item-6\">\n<section class=\"image-item\"><img decoding=\"async\" src=\"https:\/\/upload.cdn.baselinker.com\/products\/5028969\/591f9124f877f53f01d0468ef9a49c3a.jpg\" \/><\/section>\n<\/p><\/div>\n<\/section>\n<section class=\"section\">\n<div class=\"item item-6\">\n<section class=\"text-item\">\n<h1>Tamaris sztyblety sk\u00f3rzane na obcasie R.40 TA62W<\/h1>\n<p>Rozmiar 40&nbsp; wk\u0142adka 26 cm,<\/p>\n<p>\u015alady u\u017cytkowania: brak. NOWE<\/p>\n<p><b>Materia\u0142 zewn\u0119trzny<\/b> ;&nbsp; sk\u00f3ra naturalna nubuk<\/p>\n<p>wk\u0142adka mi\u0119kka tkanina&nbsp; soft<\/p>\n<p><b>Podeszwa: <\/b>syntetyczna gumowa<\/p>\n<p><b>Wysoko\u015b\u0107 obcasa<\/b>: 10 cm<\/p>\n<p><b>Wysoko\u015b\u0107 obuwia ca\u0142kowita z obcasem:<\/b>&nbsp; 22 cm<\/p>\n<p><b>Szeroko\u015b\u0107 cholewki bez rozci\u0105gania <\/b>: regulowana<\/p>\n<p><b>Rodzaj ocieplenia: NIE<\/b><\/p>\n<p><b>Zapi\u0119cie: sznurowane<\/b><\/p>\n<p><b>Wz\u00f3r:&nbsp;<\/b>Kolor czarny<\/p>\n<p>Obuwie na naszych aukcjach s\u0105 oryginalne pochodz\u0105ce ze sklep\u00f3w z najwi\u0119kszych znanych platform.<\/p>\n<p>Zapraszamy do zakupu<\/p>\n<\/section><\/div>\n<div class=\"item item-6\">\n<section class=\"image-item\"><img decoding=\"async\" src=\"https:\/\/upload.cdn.baselinker.com\/products\/5028969\/cc3ecc7a98d93ac1490525efa327a241.jpg\" \/><\/section>\n<\/p><\/div>\n<\/section>\n","protected":false},"excerpt":{"rendered":"<p>Tamaris sztyblety sk\u00f3rzane na obcasie R.40 TA62W Rozmiar 40&nbsp; wk\u0142adka 26 cm, \u015alady u\u017cytkowania: brak. NOWE Materia\u0142 zewn\u0119trzny ;&nbsp; sk\u00f3ra naturalna nubuk wk\u0142adka mi\u0119kka tkanina&nbsp; soft Podeszwa: syntetyczna gumowa Wysoko\u015b\u0107 obcasa: 10 cm Wysoko\u015b\u0107 obuwia ca\u0142kowita z obcasem:&nbsp; 22 cm Szeroko\u015b\u0107 cholewki bez rozci\u0105gania : regulowana Rodzaj ocieplenia: NIE Zapi\u0119cie: sznurowane Wz\u00f3r:&nbsp;Kolor czarny Obuwie na [&hellip;]<\/p>\n","protected":false},"featured_media":12376,"comment_status":"open","ping_status":"closed","template":"","meta":{"_gspb_post_css":"","slim_seo":{"title":"Tamaris sztyblety sk\u00f3rzane na obcasie R.40 TA62W - SklepFashion Gda\u0144sk","description":"Tamaris sztyblety sk\u00f3rzane na obcasie R.40 TA62W Rozmiar 40&nbsp; wk\u0142adka 26 cm, \u015alady u\u017cytkowania: brak. NOWE Materia\u0142 zewn\u0119trzny ;&nbsp; sk\u00f3ra naturalna nubuk"},"iawp_total_views":11},"product_brand":[],"product_cat":[119,67,125,168],"product_tag":[],"class_list":{"0":"post-12386","1":"product","2":"type-product","3":"status-publish","4":"has-post-thumbnail","6":"product_cat-damskie","7":"product_cat-odziez-obuwie-dodatki-obuwie-damskie-botki","8":"product_cat-rozmiar-40","9":"product_cat-rozmiar-40-damskie","11":"first","12":"instock","13":"shipping-taxable","14":"purchasable","15":"product-type-simple"},"_links":{"self":[{"href":"https:\/\/sklepfashion.pl\/index.php\/wp-json\/wp\/v2\/product\/12386","targetHints":{"allow":["GET"]}}],"collection":[{"href":"https:\/\/sklepfashion.pl\/index.php\/wp-json\/wp\/v2\/product"}],"about":[{"href":"https:\/\/sklepfashion.pl\/index.php\/wp-json\/wp\/v2\/types\/product"}],"replies":[{"embeddable":true,"href":"https:\/\/sklepfashion.pl\/index.php\/wp-json\/wp\/v2\/comments?post=12386"}],"wp:featuredmedia":[{"embeddable":true,"href":"https:\/\/sklepfashion.pl\/index.php\/wp-json\/wp\/v2\/media\/12376"}],"wp:attachment":[{"href":"https:\/\/sklepfashion.pl\/index.php\/wp-json\/wp\/v2\/media?parent=12386"}],"wp:term":[{"taxonomy":"product_brand","embeddable":true,"href":"https:\/\/sklepfashion.pl\/index.php\/wp-json\/wp\/v2\/product_brand?post=12386"},{"taxonomy":"product_cat","embeddable":true,"href":"https:\/\/sklepfashion.pl\/index.php\/wp-json\/wp\/v2\/product_cat?post=12386"},{"taxonomy":"product_tag","embeddable":true,"href":"https:\/\/sklepfashion.pl\/index.php\/wp-json\/wp\/v2\/product_tag?post=12386"}],"curies":[{"name":"wp","href":"https:\/\/api.w.org\/{rel}","templated":true}]}}